{"id":108,"date":"2015-07-21T09:47:12","date_gmt":"2015-07-21T09:47:12","guid":{"rendered":"http:\/\/demo.themegrill.com\/himalayas\/?page_id=108"},"modified":"2021-06-22T13:43:33","modified_gmt":"2021-06-22T12:43:33","slug":"soins","status":"publish","type":"page","link":"https:\/\/www.institut-dalila-beaute.fr\/index.php\/soins\/","title":{"rendered":"D\u00e9couvrez l&rsquo;univers des soins en institut de beaut\u00e9 Guinot"},"content":{"rendered":"<p>Venez vivre un moment unique dans votre Institut de Beaut\u00e9 avec les m\u00e9thodes de soin exclusives Guinot.<\/p>\n\n\n<h2 class=\"wp-block-heading\">Visage<\/h2>\n\n\n\n<p>Les soins exclusifs Guinot sont adapt\u00e9s \u00e0 chaque type de peau, et embellissent votre visage.<br>Guinot a mis \u00e0 profit les derniers progr\u00e8s de la science et les derni\u00e8res d\u00e9couvertes sur la biologie cutan\u00e9e pour proposer des soins bas\u00e9s sur des techniques avanc\u00e9es du soin de la peau, confortable et agr\u00e9able.<\/p>\n\n\n\n<h2 class=\"wp-block-heading\">Corps<\/h2>\n\n\n\n<p>Gr\u00e2ce aux m\u00e9thodes de soin professionnel et r\u00e9volutionnaire de Guinot, les femmes peuvent mincir rapidement, efficacement et durablement, l\u00e0 o\u00f9 elles le souhaitent.<br>Ces soins allient des technologies d&rsquo;action physique \u00e0 la p\u00e9n\u00e9tration de puissants actifs amincissants pour des r\u00e9sultats visibles et mesurables d\u00e8s les premi\u00e8res s\u00e9ances.<\/p>\n\n\n\n<h2 class=\"wp-block-heading\">Epilation<\/h2>\n\n\n\n<p>Dans notre Institut sp\u00e9cialis\u00e9 Guinot, nos esth\u00e9ticiennes pratiquent les m\u00e9thodes d&rsquo;\u00e9pilation Stick&rsquo;Hair\u00ae et Epil Confort.<br>Ces m\u00e9thodes \u00e0 l&rsquo;efficacit\u00e9 \u00e9tonnante sont pratiqu\u00e9es sans colophane (substance de base de nombreuses cires, m\u00e9connue pour leur risque allergisant).<\/p>\n","protected":false},"excerpt":{"rendered":"<p>Venez vivre un moment unique dans votre Institut de Beaut\u00e9 avec les m\u00e9thodes de soin exclusives Guinot. Visage Les soins exclusifs Guinot sont adapt\u00e9s \u00e0<\/p>\n","protected":false},"author":1,"featured_media":408,"parent":0,"menu_order":0,"comment_status":"open","ping_status":"open","template":"page-templates\/template-services.php","meta":{"footnotes":""},"class_list":["post-108","page","type-page","status-publish","has-post-thumbnail","hentry"],"_links":{"self":[{"href":"https:\/\/www.institut-dalila-beaute.fr\/index.php\/wp-json\/wp\/v2\/pages\/108","targetHints":{"allow":["GET"]}}],"collection":[{"href":"https:\/\/www.institut-dalila-beaute.fr\/index.php\/wp-json\/wp\/v2\/pages"}],"about":[{"href":"https:\/\/www.institut-dalila-beaute.fr\/index.php\/wp-json\/wp\/v2\/types\/page"}],"author":[{"embeddable":true,"href":"https:\/\/www.institut-dalila-beaute.fr\/index.php\/wp-json\/wp\/v2\/users\/1"}],"replies":[{"embeddable":true,"href":"https:\/\/www.institut-dalila-beaute.fr\/index.php\/wp-json\/wp\/v2\/comments?post=108"}],"version-history":[{"count":3,"href":"https:\/\/www.institut-dalila-beaute.fr\/index.php\/wp-json\/wp\/v2\/pages\/108\/revisions"}],"predecessor-version":[{"id":399,"href":"https:\/\/www.institut-dalila-beaute.fr\/index.php\/wp-json\/wp\/v2\/pages\/108\/revisions\/399"}],"wp:featuredmedia":[{"embeddable":true,"href":"https:\/\/www.institut-dalila-beaute.fr\/index.php\/wp-json\/wp\/v2\/media\/408"}],"wp:attachment":[{"href":"https:\/\/www.institut-dalila-beaute.fr\/index.php\/wp-json\/wp\/v2\/media?parent=108"}],"curies":[{"name":"wp","href":"https:\/\/api.w.org\/{rel}","templated":true}]}}